{"id":39490,"date":"2019-07-17T08:40:44","date_gmt":"2019-07-17T06:40:44","guid":{"rendered":"https:\/\/www.suavinex.com\/livingsuavinex\/?page_id=39490"},"modified":"2023-07-08T13:44:00","modified_gmt":"2023-07-08T11:44:00","slug":"estilo-de-vida","status":"publish","type":"page","link":"https:\/\/www.suavinex.com\/livingsuavinex\/estilo-de-vida\/","title":{"rendered":"Estilo de vida"},"content":{"rendered":"\n<div id=\"introcategory\" class=\"wp-block-group\"><div class=\"wp-block-group__inner-container is-layout-constrained wp-block-group-is-layout-constrained\">\n<div class=\"wp-block-columns is-layout-flex wp-container-core-columns-is-layout-1 wp-block-columns-is-layout-flex\">\n<div class=\"wp-block-column is-layout-flow wp-block-column-is-layout-flow\">\n<figure class=\"wp-block-image size-full imagecategory\"><img loading=\"lazy\" decoding=\"async\" width=\"700\" height=\"1050\" src=\"https:\/\/www.suavinex.com\/livingsuavinex\/wp-content\/uploads\/2023\/07\/alzador-slider-700x1050-1.png\" alt=\"\" class=\"wp-image-44076\" srcset=\"https:\/\/www.suavinex.com\/livingsuavinex\/wp-content\/uploads\/2023\/07\/alzador-slider-700x1050-1.png 700w, https:\/\/www.suavinex.com\/livingsuavinex\/wp-content\/uploads\/2023\/07\/alzador-slider-700x1050-1-250x375.png 250w, https:\/\/www.suavinex.com\/livingsuavinex\/wp-content\/uploads\/2023\/07\/alzador-slider-700x1050-1-120x180.png 120w\" sizes=\"auto, (max-width: 700px) 100vw, 700px\" \/><\/figure>\n<\/div>\n\n\n\n<div class=\"wp-block-column textcategory is-layout-flow wp-block-column-is-layout-flow\">\n<div class=\"wp-block-group boxin\"><div class=\"wp-block-group__inner-container is-layout-constrained wp-block-group-is-layout-constrained\">\n<h1 class=\"wp-block-heading h1category\">Estilo de vida<\/h1>\n\n\n\n<p>Descubre las \u00faltimas tendencias en el mundo de la maternidad y la crianza. Te proponemos ideas y tips para viajar con ni\u00f1os y te contamos todo lo que necesitas saber sobre alimentaci\u00f3n infantil.<\/p>\n<\/div><\/div>\n<\/div>\n<\/div>\n<\/div><\/div>\n\n\n\n<div class=\"wp-block-group wrap\"><div class=\"wp-block-group__inner-container is-layout-constrained wp-block-group-is-layout-constrained\">\t\t<div class=\"pgafu-post-grid-main pgafu-design-1 pgafu-image-fit pgafu-grid-3 pgafu-clearfix gridposts\">\r\n\t\t\t<div class=\"pgafu-post-grid  pgafu-medium-4 pgafu-columns  pgafu-first\">\r\n\t<div class=\"pgafu-post-grid-content \">\r\n\t\t\t\t\t<div class=\"pgafu-post-image-bg\" style=\"height:200px;\">\r\n\t\t\t\t<a href=\"https:\/\/www.suavinex.com\/livingsuavinex\/neuroplasticidad\/\">\r\n\t\t\t\t\t<img decoding=\"async\" src=\"https:\/\/www.suavinex.com\/livingsuavinex\/wp-content\/uploads\/2026\/04\/neuroplasticidad_bebes_suavinex-700x438.webp\" alt=\"Neuroplasticidad. \u00bfQu\u00e9 es y c\u00f3mo impacta a tu peque?\" \/>\r\n\t\t\t\t<\/a>\r\n\t\t\t<\/div>\r\n\t\t\r\n\t\t<h2 class=\"pgafu-post-title\">\r\n\t\t\t<a href=\"https:\/\/www.suavinex.com\/livingsuavinex\/neuroplasticidad\/\">Neuroplasticidad. \u00bfQu\u00e9 es y c\u00f3mo impacta a tu peque?<\/a>\r\n\t\t<\/h2>\r\n\r\n\t\t\t\t\t<div class=\"pgafu-post-categories\"><a href=\"https:\/\/www.suavinex.com\/livingsuavinex\/parenting\/\">Parenting<\/a><\/div>\r\n\t\t\t\t\t<div class=\"pgafu-post-date\">\r\n\t\t\t\t\t\t\t\t\t<span class=\"pgafu-time\"> <img decoding=\"async\" src=\"https:\/\/www.suavinex.com\/livingsuavinex\/wp-content\/plugins\/post-grid-and-filter-ultimate\/assets\/images\/calendar.svg\" alt=\"\"> 9 abril, 2026 <\/span>\r\n\t\t\t\t\t\t\t<\/div>\r\n\t\t\t<\/div>\r\n<\/div><div class=\"pgafu-post-grid  pgafu-medium-4 pgafu-columns \">\r\n\t<div class=\"pgafu-post-grid-content \">\r\n\t\t\t\t\t<div class=\"pgafu-post-image-bg\" style=\"height:200px;\">\r\n\t\t\t\t<a href=\"https:\/\/www.suavinex.com\/livingsuavinex\/por-que-celebra-dia-madre\/\">\r\n\t\t\t\t\t<img decoding=\"async\" src=\"https:\/\/www.suavinex.com\/livingsuavinex\/wp-content\/uploads\/2019\/04\/que-regalar-dia-madre-700x467.webp\" alt=\"D\u00eda de la Madre. Cu\u00e1ndo es, regalos y actividades perfectas\" \/>\r\n\t\t\t\t<\/a>\r\n\t\t\t<\/div>\r\n\t\t\r\n\t\t<h2 class=\"pgafu-post-title\">\r\n\t\t\t<a href=\"https:\/\/www.suavinex.com\/livingsuavinex\/por-que-celebra-dia-madre\/\">D\u00eda de la Madre. Cu\u00e1ndo es, regalos y actividades perfectas<\/a>\r\n\t\t<\/h2>\r\n\r\n\t\t\t\t\t<div class=\"pgafu-post-categories\"><a href=\"https:\/\/www.suavinex.com\/livingsuavinex\/embarazo\/\">Embarazo<\/a><\/div>\r\n\t\t\t\t\t<div class=\"pgafu-post-date\">\r\n\t\t\t\t\t\t\t\t\t<span class=\"pgafu-time\"> <img decoding=\"async\" src=\"https:\/\/www.suavinex.com\/livingsuavinex\/wp-content\/plugins\/post-grid-and-filter-ultimate\/assets\/images\/calendar.svg\" alt=\"\"> 7 abril, 2026 <\/span>\r\n\t\t\t\t\t\t\t<\/div>\r\n\t\t\t<\/div>\r\n<\/div><div class=\"pgafu-post-grid  pgafu-medium-4 pgafu-columns  pgafu-last\">\r\n\t<div class=\"pgafu-post-grid-content \">\r\n\t\t\t\t\t<div class=\"pgafu-post-image-bg\" style=\"height:200px;\">\r\n\t\t\t\t<a href=\"https:\/\/www.suavinex.com\/livingsuavinex\/vitamina-b12-embarazo\/\">\r\n\t\t\t\t\t<img decoding=\"async\" src=\"https:\/\/www.suavinex.com\/livingsuavinex\/wp-content\/uploads\/2026\/03\/VitaminaB12_embarazo_suavinex-700x438.webp\" alt=\"Vitamina B12 en el embarazo \u00bfCu\u00e1l es su importancia?\" \/>\r\n\t\t\t\t<\/a>\r\n\t\t\t<\/div>\r\n\t\t\r\n\t\t<h2 class=\"pgafu-post-title\">\r\n\t\t\t<a href=\"https:\/\/www.suavinex.com\/livingsuavinex\/vitamina-b12-embarazo\/\">Vitamina B12 en el embarazo \u00bfCu\u00e1l es su importancia?<\/a>\r\n\t\t<\/h2>\r\n\r\n\t\t\t\t\t<div class=\"pgafu-post-categories\"><a href=\"https:\/\/www.suavinex.com\/livingsuavinex\/alimentacion\/\">Alimentaci\u00f3n<\/a><\/div>\r\n\t\t\t\t\t<div class=\"pgafu-post-date\">\r\n\t\t\t\t\t\t\t\t\t<span class=\"pgafu-time\"> <img decoding=\"async\" src=\"https:\/\/www.suavinex.com\/livingsuavinex\/wp-content\/plugins\/post-grid-and-filter-ultimate\/assets\/images\/calendar.svg\" alt=\"\"> 20 marzo, 2026 <\/span>\r\n\t\t\t\t\t\t\t<\/div>\r\n\t\t\t<\/div>\r\n<\/div><div class=\"pgafu-post-grid  pgafu-medium-4 pgafu-columns  pgafu-first\">\r\n\t<div class=\"pgafu-post-grid-content \">\r\n\t\t\t\t\t<div class=\"pgafu-post-image-bg\" style=\"height:200px;\">\r\n\t\t\t\t<a href=\"https:\/\/www.suavinex.com\/livingsuavinex\/comenzar_caminar\/\">\r\n\t\t\t\t\t<img decoding=\"async\" src=\"https:\/\/www.suavinex.com\/livingsuavinex\/wp-content\/uploads\/2013\/05\/primeros_pasos_suavinex-700x438.webp\" alt=\"Los primeros pasos del beb\u00e9 y c\u00f3mo asegurar una marcha correcta\" \/>\r\n\t\t\t\t<\/a>\r\n\t\t\t<\/div>\r\n\t\t\r\n\t\t<h2 class=\"pgafu-post-title\">\r\n\t\t\t<a href=\"https:\/\/www.suavinex.com\/livingsuavinex\/comenzar_caminar\/\">Los primeros pasos del beb\u00e9 y c\u00f3mo asegurar una marcha correcta<\/a>\r\n\t\t<\/h2>\r\n\r\n\t\t\t\t\t<div class=\"pgafu-post-categories\"><a href=\"https:\/\/www.suavinex.com\/livingsuavinex\/parenting\/tips-crianza\/\">Tips de crianza<\/a><\/div>\r\n\t\t\t\t\t<div class=\"pgafu-post-date\">\r\n\t\t\t\t\t\t\t\t\t<span class=\"pgafu-time\"> <img decoding=\"async\" src=\"https:\/\/www.suavinex.com\/livingsuavinex\/wp-content\/plugins\/post-grid-and-filter-ultimate\/assets\/images\/calendar.svg\" alt=\"\"> 17 marzo, 2026 <\/span>\r\n\t\t\t\t\t\t\t<\/div>\r\n\t\t\t<\/div>\r\n<\/div><div class=\"pgafu-post-grid  pgafu-medium-4 pgafu-columns \">\r\n\t<div class=\"pgafu-post-grid-content \">\r\n\t\t\t\t\t<div class=\"pgafu-post-image-bg\" style=\"height:200px;\">\r\n\t\t\t\t<a href=\"https:\/\/www.suavinex.com\/livingsuavinex\/posturas-amamantar\/\">\r\n\t\t\t\t\t<img decoding=\"async\" src=\"https:\/\/www.suavinex.com\/livingsuavinex\/wp-content\/uploads\/2013\/04\/posturas_lactancia_suavinex-700x438.webp\" alt=\"Posturas para la lactancia. C\u00f3mo dar el pecho con comodidad\" \/>\r\n\t\t\t\t<\/a>\r\n\t\t\t<\/div>\r\n\t\t\r\n\t\t<h2 class=\"pgafu-post-title\">\r\n\t\t\t<a href=\"https:\/\/www.suavinex.com\/livingsuavinex\/posturas-amamantar\/\">Posturas para la lactancia. C\u00f3mo dar el pecho con comodidad<\/a>\r\n\t\t<\/h2>\r\n\r\n\t\t\t\t\t<div class=\"pgafu-post-categories\"><a href=\"https:\/\/www.suavinex.com\/livingsuavinex\/lactancia\/\">Lactancia<\/a><\/div>\r\n\t\t\t\t\t<div class=\"pgafu-post-date\">\r\n\t\t\t\t\t\t\t\t\t<span class=\"pgafu-time\"> <img decoding=\"async\" src=\"https:\/\/www.suavinex.com\/livingsuavinex\/wp-content\/plugins\/post-grid-and-filter-ultimate\/assets\/images\/calendar.svg\" alt=\"\"> 13 marzo, 2026 <\/span>\r\n\t\t\t\t\t\t\t<\/div>\r\n\t\t\t<\/div>\r\n<\/div><div class=\"pgafu-post-grid  pgafu-medium-4 pgafu-columns  pgafu-last\">\r\n\t<div class=\"pgafu-post-grid-content \">\r\n\t\t\t\t\t<div class=\"pgafu-post-image-bg\" style=\"height:200px;\">\r\n\t\t\t\t<a href=\"https:\/\/www.suavinex.com\/livingsuavinex\/apego-desorganizado\/\">\r\n\t\t\t\t\t<img decoding=\"async\" src=\"https:\/\/www.suavinex.com\/livingsuavinex\/wp-content\/uploads\/2026\/03\/apego_desorganizado_suavinex-700x438.webp\" alt=\"Apego desorganizado \u00bfQu\u00e9 es y qu\u00e9 lo causa?\" \/>\r\n\t\t\t\t<\/a>\r\n\t\t\t<\/div>\r\n\t\t\r\n\t\t<h2 class=\"pgafu-post-title\">\r\n\t\t\t<a href=\"https:\/\/www.suavinex.com\/livingsuavinex\/apego-desorganizado\/\">Apego desorganizado \u00bfQu\u00e9 es y qu\u00e9 lo causa?<\/a>\r\n\t\t<\/h2>\r\n\r\n\t\t\t\t\t<div class=\"pgafu-post-categories\"><a href=\"https:\/\/www.suavinex.com\/livingsuavinex\/parenting\/\">Parenting<\/a><\/div>\r\n\t\t\t\t\t<div class=\"pgafu-post-date\">\r\n\t\t\t\t\t\t\t\t\t<span class=\"pgafu-time\"> <img decoding=\"async\" src=\"https:\/\/www.suavinex.com\/livingsuavinex\/wp-content\/plugins\/post-grid-and-filter-ultimate\/assets\/images\/calendar.svg\" alt=\"\"> 6 marzo, 2026 <\/span>\r\n\t\t\t\t\t\t\t<\/div>\r\n\t\t\t<\/div>\r\n<\/div>\r\n\t\t\t\t\t\t\t<div class=\"pgafu-post-pagination pgafu-clearfix\">\r\n\t\t\t\t\t<span aria-current=\"page\" class=\"page-numbers current\">1<\/span>\n<a class=\"page-numbers\" href=\"https:\/\/www.suavinex.com\/livingsuavinex\/wp-json\/wp\/v2\/pages\/39490\/page\/2\/\">2<\/a>\n<a class=\"page-numbers\" href=\"https:\/\/www.suavinex.com\/livingsuavinex\/wp-json\/wp\/v2\/pages\/39490\/page\/3\/\">3<\/a>\n<span class=\"page-numbers dots\">&hellip;<\/span>\n<a class=\"page-numbers\" href=\"https:\/\/www.suavinex.com\/livingsuavinex\/wp-json\/wp\/v2\/pages\/39490\/page\/210\/\">210<\/a>\n<a class=\"next page-numbers\" href=\"https:\/\/www.suavinex.com\/livingsuavinex\/wp-json\/wp\/v2\/pages\/39490\/page\/2\/\">Next \u00bb<\/a>\t\t\t\t<\/div>\r\n\t\t\t\r\n\t\t<\/div>\r\n\r\n\t\t\n<\/div><\/div>\n","protected":false},"excerpt":{"rendered":"Estilo de vida Descubre las \u00faltimas tendencias en el mundo de la maternidad y la crianza. Te proponemos ideas y tips para viajar con ni\u00f1os y te contamos todo lo que necesitas saber sobre alimentaci\u00f3n infantil.","protected":false},"author":295,"featured_media":0,"parent":0,"menu_order":0,"comment_status":"closed","ping_status":"closed","template":"","meta":{"inline_featured_image":false,"footnotes":""},"class_list":["post-39490","page","type-page","status-publish","hentry"],"yoast_head":"<!-- This site is optimized with the Yoast SEO plugin v26.8 - https:\/\/yoast.com\/product\/yoast-seo-wordpress\/ -->\n<title>Estilo de vida - Living Suavinex<\/title>\n<meta name=\"description\" content=\"Descubre diferentes tipos de estilos de vida, las \u00faltimas tendencias en el mundo de la maternidad y la crianza. Descubre ideas y tips para viajar con ni\u00f1os.\" \/>\n<meta name=\"robots\" content=\"index, follow, max-snippet:-1, max-image-preview:large, max-video-preview:-1\" \/>\n<link rel=\"canonical\" href=\"https:\/\/www.suavinex.com\/livingsuavinex\/estilo-de-vida\/\" \/>\n<meta property=\"og:locale\" content=\"es_ES\" \/>\n<meta property=\"og:type\" content=\"article\" \/>\n<meta property=\"og:title\" content=\"Magazine Suavinex | Estilo de vida\" \/>\n<meta property=\"og:description\" content=\"Descubre las \u00faltimas tendencias en el mundo de la maternidad y la crianza. Te proponemos ideas y tips para viajar con ni\u00f1os y te contamos todo lo que necesitas saber sobre alimentaci\u00f3n infantil.\" \/>\n<meta property=\"og:url\" content=\"https:\/\/www.suavinex.com\/livingsuavinex\/estilo-de-vida\/\" \/>\n<meta property=\"og:site_name\" content=\"Living Suavinex\" \/>\n<meta property=\"article:publisher\" content=\"https:\/\/www.facebook.com\/SuavinexSpain\" \/>\n<meta property=\"article:modified_time\" content=\"2023-07-08T11:44:00+00:00\" \/>\n<meta property=\"og:image\" content=\"https:\/\/www.suavinex.com\/livingsuavinex\/wp-content\/uploads\/2023\/07\/alzador-slider-700x1050-1.png\" \/>\n<meta name=\"twitter:card\" content=\"summary_large_image\" \/>\n<meta name=\"twitter:title\" content=\"Magazine Suavinex | Estilo de vida\" \/>\n<meta name=\"twitter:description\" content=\"Descubre las \u00faltimas tendencias en el mundo de la maternidad y la crianza. Te proponemos ideas y tips para viajar con ni\u00f1os y te contamos todo lo que necesitas saber sobre alimentaci\u00f3n infantil.\" \/>\n<meta name=\"twitter:site\" content=\"@SuavinexSpain\" \/>\n<meta name=\"twitter:label1\" content=\"Tiempo de lectura\" \/>\n\t<meta name=\"twitter:data1\" content=\"1 minuto\" \/>\n<script type=\"application\/ld+json\" class=\"yoast-schema-graph\">{\"@context\":\"https:\/\/schema.org\",\"@graph\":[{\"@type\":\"WebPage\",\"@id\":\"https:\/\/www.suavinex.com\/livingsuavinex\/estilo-de-vida\/\",\"url\":\"https:\/\/www.suavinex.com\/livingsuavinex\/estilo-de-vida\/\",\"name\":\"Estilo de vida - Living Suavinex\",\"isPartOf\":{\"@id\":\"https:\/\/www.suavinex.com\/livingsuavinex\/#website\"},\"primaryImageOfPage\":{\"@id\":\"https:\/\/www.suavinex.com\/livingsuavinex\/estilo-de-vida\/#primaryimage\"},\"image\":{\"@id\":\"https:\/\/www.suavinex.com\/livingsuavinex\/estilo-de-vida\/#primaryimage\"},\"thumbnailUrl\":\"https:\/\/www.suavinex.com\/livingsuavinex\/wp-content\/uploads\/2023\/07\/alzador-slider-700x1050-1.png\",\"datePublished\":\"2019-07-17T06:40:44+00:00\",\"dateModified\":\"2023-07-08T11:44:00+00:00\",\"description\":\"Descubre diferentes tipos de estilos de vida, las \u00faltimas tendencias en el mundo de la maternidad y la crianza. Descubre ideas y tips para viajar con ni\u00f1os.\",\"breadcrumb\":{\"@id\":\"https:\/\/www.suavinex.com\/livingsuavinex\/estilo-de-vida\/#breadcrumb\"},\"inLanguage\":\"es\",\"potentialAction\":[{\"@type\":\"ReadAction\",\"target\":[\"https:\/\/www.suavinex.com\/livingsuavinex\/estilo-de-vida\/\"]}]},{\"@type\":\"ImageObject\",\"inLanguage\":\"es\",\"@id\":\"https:\/\/www.suavinex.com\/livingsuavinex\/estilo-de-vida\/#primaryimage\",\"url\":\"https:\/\/www.suavinex.com\/livingsuavinex\/wp-content\/uploads\/2023\/07\/alzador-slider-700x1050-1.png\",\"contentUrl\":\"https:\/\/www.suavinex.com\/livingsuavinex\/wp-content\/uploads\/2023\/07\/alzador-slider-700x1050-1.png\",\"width\":700,\"height\":1050},{\"@type\":\"BreadcrumbList\",\"@id\":\"https:\/\/www.suavinex.com\/livingsuavinex\/estilo-de-vida\/#breadcrumb\",\"itemListElement\":[{\"@type\":\"ListItem\",\"position\":1,\"name\":\"Portada\",\"item\":\"https:\/\/www.suavinex.com\/livingsuavinex\/\"},{\"@type\":\"ListItem\",\"position\":2,\"name\":\"Estilo de vida\"}]},{\"@type\":\"WebSite\",\"@id\":\"https:\/\/www.suavinex.com\/livingsuavinex\/#website\",\"url\":\"https:\/\/www.suavinex.com\/livingsuavinex\/\",\"name\":\"Living Suavinex\",\"description\":\"| Familias reales\",\"publisher\":{\"@id\":\"https:\/\/www.suavinex.com\/livingsuavinex\/#organization\"},\"potentialAction\":[{\"@type\":\"SearchAction\",\"target\":{\"@type\":\"EntryPoint\",\"urlTemplate\":\"https:\/\/www.suavinex.com\/livingsuavinex\/?s={search_term_string}\"},\"query-input\":{\"@type\":\"PropertyValueSpecification\",\"valueRequired\":true,\"valueName\":\"search_term_string\"}}],\"inLanguage\":\"es\"},{\"@type\":\"Organization\",\"@id\":\"https:\/\/www.suavinex.com\/livingsuavinex\/#organization\",\"name\":\"Suavinex\",\"url\":\"https:\/\/www.suavinex.com\/livingsuavinex\/\",\"logo\":{\"@type\":\"ImageObject\",\"inLanguage\":\"es\",\"@id\":\"https:\/\/www.suavinex.com\/livingsuavinex\/#\/schema\/logo\/image\/\",\"url\":\"https:\/\/www.suavinex.com\/livingsuavinex\/wp-content\/uploads\/2018\/07\/living_sx_logo_mvl.png\",\"contentUrl\":\"https:\/\/www.suavinex.com\/livingsuavinex\/wp-content\/uploads\/2018\/07\/living_sx_logo_mvl.png\",\"width\":350,\"height\":70,\"caption\":\"Suavinex\"},\"image\":{\"@id\":\"https:\/\/www.suavinex.com\/livingsuavinex\/#\/schema\/logo\/image\/\"},\"sameAs\":[\"https:\/\/www.facebook.com\/SuavinexSpain\",\"https:\/\/x.com\/SuavinexSpain\",\"https:\/\/www.instagram.com\/suavinex_spain\/\",\"https:\/\/www.pinterest.es\/SuavinexSpain\/\",\"https:\/\/www.youtube.com\/channel\/UCgeJREx2R_ZvV2aQMrfWgcA\"]}]}<\/script>\n<!-- \/ Yoast SEO plugin. -->","yoast_head_json":{"title":"Estilo de vida - Living Suavinex","description":"Descubre diferentes tipos de estilos de vida, las \u00faltimas tendencias en el mundo de la maternidad y la crianza. Descubre ideas y tips para viajar con ni\u00f1os.","robots":{"index":"index","follow":"follow","max-snippet":"max-snippet:-1","max-image-preview":"max-image-preview:large","max-video-preview":"max-video-preview:-1"},"canonical":"https:\/\/www.suavinex.com\/livingsuavinex\/estilo-de-vida\/","og_locale":"es_ES","og_type":"article","og_title":"Magazine Suavinex | Estilo de vida","og_description":"Descubre las \u00faltimas tendencias en el mundo de la maternidad y la crianza. Te proponemos ideas y tips para viajar con ni\u00f1os y te contamos todo lo que necesitas saber sobre alimentaci\u00f3n infantil.","og_url":"https:\/\/www.suavinex.com\/livingsuavinex\/estilo-de-vida\/","og_site_name":"Living Suavinex","article_publisher":"https:\/\/www.facebook.com\/SuavinexSpain","article_modified_time":"2023-07-08T11:44:00+00:00","og_image":[{"url":"https:\/\/www.suavinex.com\/livingsuavinex\/wp-content\/uploads\/2023\/07\/alzador-slider-700x1050-1.png","type":"","width":"","height":""}],"twitter_card":"summary_large_image","twitter_title":"Magazine Suavinex | Estilo de vida","twitter_description":"Descubre las \u00faltimas tendencias en el mundo de la maternidad y la crianza. Te proponemos ideas y tips para viajar con ni\u00f1os y te contamos todo lo que necesitas saber sobre alimentaci\u00f3n infantil.","twitter_site":"@SuavinexSpain","twitter_misc":{"Tiempo de lectura":"1 minuto"},"schema":{"@context":"https:\/\/schema.org","@graph":[{"@type":"WebPage","@id":"https:\/\/www.suavinex.com\/livingsuavinex\/estilo-de-vida\/","url":"https:\/\/www.suavinex.com\/livingsuavinex\/estilo-de-vida\/","name":"Estilo de vida - Living Suavinex","isPartOf":{"@id":"https:\/\/www.suavinex.com\/livingsuavinex\/#website"},"primaryImageOfPage":{"@id":"https:\/\/www.suavinex.com\/livingsuavinex\/estilo-de-vida\/#primaryimage"},"image":{"@id":"https:\/\/www.suavinex.com\/livingsuavinex\/estilo-de-vida\/#primaryimage"},"thumbnailUrl":"https:\/\/www.suavinex.com\/livingsuavinex\/wp-content\/uploads\/2023\/07\/alzador-slider-700x1050-1.png","datePublished":"2019-07-17T06:40:44+00:00","dateModified":"2023-07-08T11:44:00+00:00","description":"Descubre diferentes tipos de estilos de vida, las \u00faltimas tendencias en el mundo de la maternidad y la crianza. Descubre ideas y tips para viajar con ni\u00f1os.","breadcrumb":{"@id":"https:\/\/www.suavinex.com\/livingsuavinex\/estilo-de-vida\/#breadcrumb"},"inLanguage":"es","potentialAction":[{"@type":"ReadAction","target":["https:\/\/www.suavinex.com\/livingsuavinex\/estilo-de-vida\/"]}]},{"@type":"ImageObject","inLanguage":"es","@id":"https:\/\/www.suavinex.com\/livingsuavinex\/estilo-de-vida\/#primaryimage","url":"https:\/\/www.suavinex.com\/livingsuavinex\/wp-content\/uploads\/2023\/07\/alzador-slider-700x1050-1.png","contentUrl":"https:\/\/www.suavinex.com\/livingsuavinex\/wp-content\/uploads\/2023\/07\/alzador-slider-700x1050-1.png","width":700,"height":1050},{"@type":"BreadcrumbList","@id":"https:\/\/www.suavinex.com\/livingsuavinex\/estilo-de-vida\/#breadcrumb","itemListElement":[{"@type":"ListItem","position":1,"name":"Portada","item":"https:\/\/www.suavinex.com\/livingsuavinex\/"},{"@type":"ListItem","position":2,"name":"Estilo de vida"}]},{"@type":"WebSite","@id":"https:\/\/www.suavinex.com\/livingsuavinex\/#website","url":"https:\/\/www.suavinex.com\/livingsuavinex\/","name":"Living Suavinex","description":"| Familias reales","publisher":{"@id":"https:\/\/www.suavinex.com\/livingsuavinex\/#organization"},"potentialAction":[{"@type":"SearchAction","target":{"@type":"EntryPoint","urlTemplate":"https:\/\/www.suavinex.com\/livingsuavinex\/?s={search_term_string}"},"query-input":{"@type":"PropertyValueSpecification","valueRequired":true,"valueName":"search_term_string"}}],"inLanguage":"es"},{"@type":"Organization","@id":"https:\/\/www.suavinex.com\/livingsuavinex\/#organization","name":"Suavinex","url":"https:\/\/www.suavinex.com\/livingsuavinex\/","logo":{"@type":"ImageObject","inLanguage":"es","@id":"https:\/\/www.suavinex.com\/livingsuavinex\/#\/schema\/logo\/image\/","url":"https:\/\/www.suavinex.com\/livingsuavinex\/wp-content\/uploads\/2018\/07\/living_sx_logo_mvl.png","contentUrl":"https:\/\/www.suavinex.com\/livingsuavinex\/wp-content\/uploads\/2018\/07\/living_sx_logo_mvl.png","width":350,"height":70,"caption":"Suavinex"},"image":{"@id":"https:\/\/www.suavinex.com\/livingsuavinex\/#\/schema\/logo\/image\/"},"sameAs":["https:\/\/www.facebook.com\/SuavinexSpain","https:\/\/x.com\/SuavinexSpain","https:\/\/www.instagram.com\/suavinex_spain\/","https:\/\/www.pinterest.es\/SuavinexSpain\/","https:\/\/www.youtube.com\/channel\/UCgeJREx2R_ZvV2aQMrfWgcA"]}]}},"_links":{"self":[{"href":"https:\/\/www.suavinex.com\/livingsuavinex\/wp-json\/wp\/v2\/pages\/39490","targetHints":{"allow":["GET"]}}],"collection":[{"href":"https:\/\/www.suavinex.com\/livingsuavinex\/wp-json\/wp\/v2\/pages"}],"about":[{"href":"https:\/\/www.suavinex.com\/livingsuavinex\/wp-json\/wp\/v2\/types\/page"}],"author":[{"embeddable":true,"href":"https:\/\/www.suavinex.com\/livingsuavinex\/wp-json\/wp\/v2\/users\/295"}],"replies":[{"embeddable":true,"href":"https:\/\/www.suavinex.com\/livingsuavinex\/wp-json\/wp\/v2\/comments?post=39490"}],"version-history":[{"count":7,"href":"https:\/\/www.suavinex.com\/livingsuavinex\/wp-json\/wp\/v2\/pages\/39490\/revisions"}],"predecessor-version":[{"id":44077,"href":"https:\/\/www.suavinex.com\/livingsuavinex\/wp-json\/wp\/v2\/pages\/39490\/revisions\/44077"}],"wp:attachment":[{"href":"https:\/\/www.suavinex.com\/livingsuavinex\/wp-json\/wp\/v2\/media?parent=39490"}],"curies":[{"name":"wp","href":"https:\/\/api.w.org\/{rel}","templated":true}]}}