{"id":39405,"date":"2019-07-17T08:18:15","date_gmt":"2019-07-17T06:18:15","guid":{"rendered":"https:\/\/www.suavinex.com\/livingsuavinex\/?page_id=39405"},"modified":"2025-04-01T10:25:51","modified_gmt":"2025-04-01T08:25:51","slug":"mujer","status":"publish","type":"page","link":"https:\/\/www.suavinex.com\/livingsuavinex\/mujer\/","title":{"rendered":"Mujer y maternidad"},"content":{"rendered":"\n<div id=\"introcategory\" class=\"wp-block-group\"><div class=\"wp-block-group__inner-container is-layout-flow wp-block-group-is-layout-flow\">\n<div class=\"wp-block-columns is-layout-flex wp-container-core-columns-is-layout-1 wp-block-columns-is-layout-flex\">\n<div class=\"wp-block-column is-layout-flow wp-block-column-is-layout-flow\">\n<figure class=\"wp-block-image size-full imagecategory\"><a href=\"https:\/\/www.suavinex.com\/livingsuavinex\/wp-content\/uploads\/2025\/04\/Cosmetic-Maternity-EN-02-1-700x1050-1.jpg\"><img loading=\"lazy\" decoding=\"async\" width=\"367\" height=\"550\" src=\"https:\/\/www.suavinex.com\/livingsuavinex\/wp-content\/uploads\/2025\/04\/Cosmetic-Maternity-EN-02-1-700x1050-1.jpg\" alt=\"\" class=\"wp-image-46423\" srcset=\"https:\/\/www.suavinex.com\/livingsuavinex\/wp-content\/uploads\/2025\/04\/Cosmetic-Maternity-EN-02-1-700x1050-1.jpg 367w, https:\/\/www.suavinex.com\/livingsuavinex\/wp-content\/uploads\/2025\/04\/Cosmetic-Maternity-EN-02-1-700x1050-1-250x375.jpg 250w, https:\/\/www.suavinex.com\/livingsuavinex\/wp-content\/uploads\/2025\/04\/Cosmetic-Maternity-EN-02-1-700x1050-1-120x180.jpg 120w\" sizes=\"auto, (max-width: 367px) 100vw, 367px\" \/><\/a><\/figure>\n<\/div>\n\n\n\n<div class=\"wp-block-column textcategory is-layout-flow wp-block-column-is-layout-flow\">\n<div class=\"wp-block-group boxin\"><div class=\"wp-block-group__inner-container is-layout-flow wp-block-group-is-layout-flow\">\n<h1 class=\"wp-block-heading h1category\">Mujer<\/h1>\n\n\n\n<p>Para ti, que eres madre, pero tienes otros muchos intereses. Si quieres saber m\u00e1s de belleza o cosm\u00e9tica lo encontrar\u00e1s aqu\u00ed. Tambi\u00e9n te contamos todo lo que necesitas saber acerca del embarazo, el posparto y la lactancia. Porque tienes muchas facetas y en Living Suavinex queremos acompa\u00f1arte en todas ellas.<\/p>\n<\/div><\/div>\n<\/div>\n<\/div>\n<\/div><\/div>\n\n\n\n<div class=\"wp-block-group wrap\"><div class=\"wp-block-group__inner-container is-layout-flow wp-block-group-is-layout-flow\">\t\t<div class=\"pgafu-post-grid-main pgafu-design-1 pgafu-image-fit pgafu-grid-3 pgafu-clearfix gridposts\">\r\n\t\t\t<div class=\"pgafu-post-grid  pgafu-medium-4 pgafu-columns  pgafu-first\">\r\n\t<div class=\"pgafu-post-grid-content \">\r\n\t\t\t\t\t<div class=\"pgafu-post-image-bg\" style=\"height:200px;\">\r\n\t\t\t\t<a href=\"https:\/\/www.suavinex.com\/livingsuavinex\/vitamina-b12-embarazo\/\">\r\n\t\t\t\t\t<img decoding=\"async\" src=\"https:\/\/www.suavinex.com\/livingsuavinex\/wp-content\/uploads\/2026\/03\/VitaminaB12_embarazo_suavinex-700x438.webp\" alt=\"Vitamina B12 en el embarazo \u00bfCu\u00e1l es su importancia?\" \/>\r\n\t\t\t\t<\/a>\r\n\t\t\t<\/div>\r\n\t\t\r\n\t\t<h2 class=\"pgafu-post-title\">\r\n\t\t\t<a href=\"https:\/\/www.suavinex.com\/livingsuavinex\/vitamina-b12-embarazo\/\">Vitamina B12 en el embarazo \u00bfCu\u00e1l es su importancia?<\/a>\r\n\t\t<\/h2>\r\n\r\n\t\t\t\t\t<div class=\"pgafu-post-categories\"><a href=\"https:\/\/www.suavinex.com\/livingsuavinex\/alimentacion\/\">Alimentaci\u00f3n<\/a><\/div>\r\n\t\t\t\t\t<div class=\"pgafu-post-date\">\r\n\t\t\t\t\t\t\t\t\t<span class=\"pgafu-time\"> <img decoding=\"async\" src=\"https:\/\/www.suavinex.com\/livingsuavinex\/wp-content\/plugins\/post-grid-and-filter-ultimate\/assets\/images\/calendar.svg\" alt=\"\"> 20 marzo, 2026 <\/span>\r\n\t\t\t\t\t\t\t<\/div>\r\n\t\t\t<\/div>\r\n<\/div><div class=\"pgafu-post-grid  pgafu-medium-4 pgafu-columns \">\r\n\t<div class=\"pgafu-post-grid-content \">\r\n\t\t\t\t\t<div class=\"pgafu-post-image-bg\" style=\"height:200px;\">\r\n\t\t\t\t<a href=\"https:\/\/www.suavinex.com\/livingsuavinex\/como-limpiar-los-biberones\/\">\r\n\t\t\t\t\t<img decoding=\"async\" src=\"https:\/\/www.suavinex.com\/livingsuavinex\/wp-content\/uploads\/2021\/06\/limpiar-biberones-1024x683.jpg\" alt=\"Aprende a esterilizar y limpiar biberones\" \/>\r\n\t\t\t\t<\/a>\r\n\t\t\t<\/div>\r\n\t\t\r\n\t\t<h2 class=\"pgafu-post-title\">\r\n\t\t\t<a href=\"https:\/\/www.suavinex.com\/livingsuavinex\/como-limpiar-los-biberones\/\">Aprende a esterilizar y limpiar biberones<\/a>\r\n\t\t<\/h2>\r\n\r\n\t\t\t\t\t<div class=\"pgafu-post-categories\"><a href=\"https:\/\/www.suavinex.com\/livingsuavinex\/alimentacion\/\">Alimentaci\u00f3n<\/a><\/div>\r\n\t\t\t\t\t<div class=\"pgafu-post-date\">\r\n\t\t\t\t\t\t\t\t\t<span class=\"pgafu-time\"> <img decoding=\"async\" src=\"https:\/\/www.suavinex.com\/livingsuavinex\/wp-content\/plugins\/post-grid-and-filter-ultimate\/assets\/images\/calendar.svg\" alt=\"\"> 27 febrero, 2026 <\/span>\r\n\t\t\t\t\t\t\t<\/div>\r\n\t\t\t<\/div>\r\n<\/div><div class=\"pgafu-post-grid  pgafu-medium-4 pgafu-columns  pgafu-last\">\r\n\t<div class=\"pgafu-post-grid-content \">\r\n\t\t\t\t\t<div class=\"pgafu-post-image-bg\" style=\"height:200px;\">\r\n\t\t\t\t<a href=\"https:\/\/www.suavinex.com\/livingsuavinex\/alimentacion-lactancia\/\">\r\n\t\t\t\t\t<img decoding=\"async\" src=\"https:\/\/www.suavinex.com\/livingsuavinex\/wp-content\/uploads\/2012\/03\/alimentacion-para-lactancia-700x438.webp\" alt=\"Gu\u00eda completa de alimentaci\u00f3n en la lactancia\" \/>\r\n\t\t\t\t<\/a>\r\n\t\t\t<\/div>\r\n\t\t\r\n\t\t<h2 class=\"pgafu-post-title\">\r\n\t\t\t<a href=\"https:\/\/www.suavinex.com\/livingsuavinex\/alimentacion-lactancia\/\">Gu\u00eda completa de alimentaci\u00f3n en la lactancia<\/a>\r\n\t\t<\/h2>\r\n\r\n\t\t\t\t\t<div class=\"pgafu-post-categories\"><a href=\"https:\/\/www.suavinex.com\/livingsuavinex\/alimentacion\/\">Alimentaci\u00f3n<\/a><\/div>\r\n\t\t\t\t\t<div class=\"pgafu-post-date\">\r\n\t\t\t\t\t\t\t\t\t<span class=\"pgafu-time\"> <img decoding=\"async\" src=\"https:\/\/www.suavinex.com\/livingsuavinex\/wp-content\/plugins\/post-grid-and-filter-ultimate\/assets\/images\/calendar.svg\" alt=\"\"> 3 febrero, 2026 <\/span>\r\n\t\t\t\t\t\t\t<\/div>\r\n\t\t\t<\/div>\r\n<\/div><div class=\"pgafu-post-grid  pgafu-medium-4 pgafu-columns  pgafu-first\">\r\n\t<div class=\"pgafu-post-grid-content \">\r\n\t\t\t\t\t<div class=\"pgafu-post-image-bg\" style=\"height:200px;\">\r\n\t\t\t\t<a href=\"https:\/\/www.suavinex.com\/livingsuavinex\/como-dar-el-biberon-a-un-recien-nacido-de-forma-correcta\/\">\r\n\t\t\t\t\t<img decoding=\"async\" src=\"https:\/\/www.suavinex.com\/livingsuavinex\/wp-content\/uploads\/2025\/12\/dar-biberon-recien-nacido-700x438.webp\" alt=\"\u00bfC\u00f3mo dar el biber\u00f3n a un reci\u00e9n nacido? Los mejores consejos\" \/>\r\n\t\t\t\t<\/a>\r\n\t\t\t<\/div>\r\n\t\t\r\n\t\t<h2 class=\"pgafu-post-title\">\r\n\t\t\t<a href=\"https:\/\/www.suavinex.com\/livingsuavinex\/como-dar-el-biberon-a-un-recien-nacido-de-forma-correcta\/\">\u00bfC\u00f3mo dar el biber\u00f3n a un reci\u00e9n nacido? Los mejores consejos<\/a>\r\n\t\t<\/h2>\r\n\r\n\t\t\t\t\t<div class=\"pgafu-post-categories\"><a href=\"https:\/\/www.suavinex.com\/livingsuavinex\/alimentacion\/\">Alimentaci\u00f3n<\/a><\/div>\r\n\t\t\t\t\t<div class=\"pgafu-post-date\">\r\n\t\t\t\t\t\t\t\t\t<span class=\"pgafu-time\"> <img decoding=\"async\" src=\"https:\/\/www.suavinex.com\/livingsuavinex\/wp-content\/plugins\/post-grid-and-filter-ultimate\/assets\/images\/calendar.svg\" alt=\"\"> 22 diciembre, 2025 <\/span>\r\n\t\t\t\t\t\t\t<\/div>\r\n\t\t\t<\/div>\r\n<\/div><div class=\"pgafu-post-grid  pgafu-medium-4 pgafu-columns \">\r\n\t<div class=\"pgafu-post-grid-content \">\r\n\t\t\t\t\t<div class=\"pgafu-post-image-bg\" style=\"height:200px;\">\r\n\t\t\t\t<a href=\"https:\/\/www.suavinex.com\/livingsuavinex\/obesidad-infantil\/\">\r\n\t\t\t\t\t<img decoding=\"async\" src=\"https:\/\/www.suavinex.com\/livingsuavinex\/wp-content\/uploads\/2025\/11\/obesidad_infantil_suavinex-700x438.webp\" alt=\"Obesidad infantil. Causas, consecuencias y c\u00f3mo evitarla\" \/>\r\n\t\t\t\t<\/a>\r\n\t\t\t<\/div>\r\n\t\t\r\n\t\t<h2 class=\"pgafu-post-title\">\r\n\t\t\t<a href=\"https:\/\/www.suavinex.com\/livingsuavinex\/obesidad-infantil\/\">Obesidad infantil. Causas, consecuencias y c\u00f3mo evitarla<\/a>\r\n\t\t<\/h2>\r\n\r\n\t\t\t\t\t<div class=\"pgafu-post-categories\"><a href=\"https:\/\/www.suavinex.com\/livingsuavinex\/alimentacion\/\">Alimentaci\u00f3n<\/a><\/div>\r\n\t\t\t\t\t<div class=\"pgafu-post-date\">\r\n\t\t\t\t\t\t\t\t\t<span class=\"pgafu-time\"> <img decoding=\"async\" src=\"https:\/\/www.suavinex.com\/livingsuavinex\/wp-content\/plugins\/post-grid-and-filter-ultimate\/assets\/images\/calendar.svg\" alt=\"\"> 25 noviembre, 2025 <\/span>\r\n\t\t\t\t\t\t\t<\/div>\r\n\t\t\t<\/div>\r\n<\/div><div class=\"pgafu-post-grid  pgafu-medium-4 pgafu-columns  pgafu-last\">\r\n\t<div class=\"pgafu-post-grid-content \">\r\n\t\t\t\t\t<div class=\"pgafu-post-image-bg\" style=\"height:200px;\">\r\n\t\t\t\t<a href=\"https:\/\/www.suavinex.com\/livingsuavinex\/vuelta_cole\/\">\r\n\t\t\t\t\t<img decoding=\"async\" src=\"https:\/\/www.suavinex.com\/livingsuavinex\/wp-content\/uploads\/2012\/08\/recetas_infantiles_suavinex-700x438.webp\" alt=\"Recetas infantiles para cocinar con y para los peques\" \/>\r\n\t\t\t\t<\/a>\r\n\t\t\t<\/div>\r\n\t\t\r\n\t\t<h2 class=\"pgafu-post-title\">\r\n\t\t\t<a href=\"https:\/\/www.suavinex.com\/livingsuavinex\/vuelta_cole\/\">Recetas infantiles para cocinar con y para los peques<\/a>\r\n\t\t<\/h2>\r\n\r\n\t\t\t\t\t<div class=\"pgafu-post-categories\"><a href=\"https:\/\/www.suavinex.com\/livingsuavinex\/alimentacion\/\">Alimentaci\u00f3n<\/a><\/div>\r\n\t\t\t\t\t<div class=\"pgafu-post-date\">\r\n\t\t\t\t\t\t\t\t\t<span class=\"pgafu-time\"> <img decoding=\"async\" src=\"https:\/\/www.suavinex.com\/livingsuavinex\/wp-content\/plugins\/post-grid-and-filter-ultimate\/assets\/images\/calendar.svg\" alt=\"\"> 17 octubre, 2025 <\/span>\r\n\t\t\t\t\t\t\t<\/div>\r\n\t\t\t<\/div>\r\n<\/div>\r\n\t\t\t\t\t\t\t<div class=\"pgafu-post-pagination pgafu-clearfix\">\r\n\t\t\t\t\t<span aria-current=\"page\" class=\"page-numbers current\">1<\/span>\n<a class=\"page-numbers\" href=\"https:\/\/www.suavinex.com\/livingsuavinex\/wp-json\/wp\/v2\/pages\/39405\/page\/2\/\">2<\/a>\n<a class=\"page-numbers\" href=\"https:\/\/www.suavinex.com\/livingsuavinex\/wp-json\/wp\/v2\/pages\/39405\/page\/3\/\">3<\/a>\n<span class=\"page-numbers dots\">&hellip;<\/span>\n<a class=\"page-numbers\" href=\"https:\/\/www.suavinex.com\/livingsuavinex\/wp-json\/wp\/v2\/pages\/39405\/page\/12\/\">12<\/a>\n<a class=\"next page-numbers\" href=\"https:\/\/www.suavinex.com\/livingsuavinex\/wp-json\/wp\/v2\/pages\/39405\/page\/2\/\">Next \u00bb<\/a>\t\t\t\t<\/div>\r\n\t\t\t\r\n\t\t<\/div>\r\n\r\n\t\t\n<\/div><\/div>\n","protected":false},"excerpt":{"rendered":"hide","protected":false},"author":295,"featured_media":0,"parent":0,"menu_order":0,"comment_status":"closed","ping_status":"closed","template":"","meta":{"inline_featured_image":false,"footnotes":""},"class_list":["post-39405","page","type-page","status-publish","hentry"],"_links":{"self":[{"href":"https:\/\/www.suavinex.com\/livingsuavinex\/wp-json\/wp\/v2\/pages\/39405","targetHints":{"allow":["GET"]}}],"collection":[{"href":"https:\/\/www.suavinex.com\/livingsuavinex\/wp-json\/wp\/v2\/pages"}],"about":[{"href":"https:\/\/www.suavinex.com\/livingsuavinex\/wp-json\/wp\/v2\/types\/page"}],"author":[{"embeddable":true,"href":"https:\/\/www.suavinex.com\/livingsuavinex\/wp-json\/wp\/v2\/users\/295"}],"replies":[{"embeddable":true,"href":"https:\/\/www.suavinex.com\/livingsuavinex\/wp-json\/wp\/v2\/comments?post=39405"}],"version-history":[{"count":11,"href":"https:\/\/www.suavinex.com\/livingsuavinex\/wp-json\/wp\/v2\/pages\/39405\/revisions"}],"predecessor-version":[{"id":46424,"href":"https:\/\/www.suavinex.com\/livingsuavinex\/wp-json\/wp\/v2\/pages\/39405\/revisions\/46424"}],"wp:attachment":[{"href":"https:\/\/www.suavinex.com\/livingsuavinex\/wp-json\/wp\/v2\/media?parent=39405"}],"curies":[{"name":"wp","href":"https:\/\/api.w.org\/{rel}","templated":true}]}}