{"id":34252,"date":"2018-12-20T15:00:38","date_gmt":"2018-12-20T14:00:38","guid":{"rendered":"https:\/\/www.suavinex.com\/livingsuavinex\/?page_id=34252"},"modified":"2024-04-10T17:13:10","modified_gmt":"2024-04-10T15:13:10","slug":"registro-crm","status":"publish","type":"page","link":"https:\/\/www.suavinex.com\/livingsuavinex\/registro-crm\/","title":{"rendered":"Registro CRM"},"content":{"rendered":"\n<div class=\"wp-block-group\"><div class=\"wp-block-group__inner-container is-layout-constrained wp-block-group-is-layout-constrained\">\n<div class=\"wp-block-columns is-layout-flex wp-container-core-columns-is-layout-1 wp-block-columns-is-layout-flex\">\n<div class=\"wp-block-column wrap registro is-layout-flow wp-block-column-is-layout-flow\">\n<script type=\"text\/javascript\">\n       (function() {\n           function handlePageLoad() {\n               var endpointMatcher = new RegExp(\"[\\\\?\\\\&]endpoint=([^&#]*)\");\n               document.getElementById('prerssForm').setAttribute('action',\n                                                                  decodeURIComponent(endpointMatcher.exec(document.location.search)[1].replace(\"javascript:\", \"\")));\n           } if (window.addEventListener) {\n               window.addEventListener('load', handlePageLoad, false);\n           } else { window.attachEvent('onload', handlePageLoad, false);\n               }})();\n   <\/script>\n   \n   <div id=\"prerss\">\n       <div id=\"headChat\">\n           <div class=\"row\">\n               <h1 class=\"entry-title fusion-post-title crmformtitle\">\u00a1Pss, pss! D\u00e9janos tus datos<\/h1>\n       <h2 class=\"entry-subtitle\">Ser\u00e1s el\/la primero\/a en conocer todas las novedades y los nuevos lanzamientos de Suavinex. <\/h2>\n           <\/div>\n       <\/div>\n       \n       \n       \n       \n       <form action=\"https:\/\/cloud.communication.suavinex.com\/pcl\" method=\"POST\" class=\"crmregform\">\n\n          <input type=\"hidden\" name=\"retURL\" value=\"https:\/\/www.suavinex.com\/livingsuavinex\/gracias\/\">\n           <input type=\"hidden\" name=\"origen\" value=\"livingsuavinex-alta-newsletter\">  \n\n           <div id=\"bodyChat\">\n               <div class=\"row\">\n                   <div class=\"field\">\n                       <input placeholder=\"Nombre *\" id=\"first_name\" maxlength=\"40\" name=\"first_name\" size=\"20\" type=\"text\" required class=\"forfmfieldregcrm\"\/>\n                   <\/div>\n               <\/div>\n               <div class=\"row\">\n                   <div class=\"field\">\n                       <input placeholder=\"Apellidos *\" id=\"last_name\" maxlength=\"80\" name=\"last_name\" size=\"20\" type=\"text\" required class=\"forfmfieldregcrm\"\/>\n                   <\/div>\n               <\/div>\n               <div class=\"row\">\n                   <div class=\"field\">\n                       <input placeholder=\"Email *\" id=\"email\" required=\"true\" maxlength=\"80\" name=\"email\" size=\"20\" type=\"text\" class=\"forfmfieldregcrm\"\/>\n                   <\/div>\n               <\/div>\n\n       <div class=\"row\">\n       <input id=\"prerss_submit\" onclick=\"setName()\" type=\"submit\" value=\"Enviar Solicitud\" class=\"botonregcrm\">\n       <\/div>\n       \n               <div class=\"row\">\n                   <div class=\"field requiredCharacter\">\n                      <input  id=\"politica\" required=\"true\" maxlength=\"80\" name=\"politica\" size=\"20\" type=\"checkbox\" class=\"checkregcrm\"\/>Confirmo que he le\u00eddo, acepto la <a style=\"color: #c3ab55;\" href=\"https:\/\/www.suavinex.com\/politica-de-privacidad\" target=\"_blank\" rel=\"noopener\">pol\u00edtica de privacidad<\/a> y deseo recibir comunicaciones comerciales\n                   <\/div>\n                               \n               <\/div>\n\n               <div class=\"row\">\n         <div class=\"field\">\nInformaci\u00f3n b\u00e1sica sobre Protecci\u00f3n de Datos Responsable: SUAVINEX GROUP S.L.<br>\n<strong>Finalidad:<\/strong> Mediante tu aceptaci\u00f3n de la casilla anterior, aceptas recibir cualquier tipo de comunicaci\u00f3n comercial relativa a Suavinex, as\u00ed como el env\u00edo de nuestra Newsletter, que incluye, entre otras, informaci\u00f3n corporativa o comercial relativa a Suavinex, nuestra actividad, sector, marcas y\/o productos. \n           <a style=\"color: #c3ab55;\" href=\"https:\/\/www.suavinex.com\/politica-de-privacidad#idinfo2.3.\" target=\"_blank\" rel=\"noopener\">+Info<\/a><br>\n<strong>Legitimaci\u00f3n:<\/strong> Los datos que nos proporcionas los trataremos sobre la base de tu consentimiento como interesado, que v\u00e1lidamente manifiestas mediante el marcado de la casilla de suscripci\u00f3n anterior. <a style=\"color: #c3ab55;\" href=\"https:\/\/www.suavinex.com\/politica-de-privacidad#idinfo2.6.\" target=\"_blank\" rel=\"noopener\">+Info<\/a> <br>\n<strong>Destinatarios:<\/strong> Empleados y sociedades pertenecientes a Grupo Suavinex. No se ceder\u00e1n datos a terceros salvo obligaci\u00f3n Legal o relaci\u00f3n contractual con los mismos <a style=\"color: #c3ab55;\" href=\"https:\/\/www.suavinex.com\/politica-de-privacidad#idinfo2.4.\" target=\"_blank\" rel=\"noopener\">+Info<\/a> <br>\n<strong>Derechos:<\/strong> Podr\u00e1s ejercitar tus derechos de transparencia, informaci\u00f3n, acceso, rectificaci\u00f3n, supresi\u00f3n, limitaci\u00f3n del tratamiento, portabilidad de los datos, y oposici\u00f3n. Para consultar d\u00f3nde y c\u00f3mo, pulsa en el siguiente enlace. <a style=\"color: #c3ab55;\" href=\"https:\/\/www.suavinex.com\/politica-de-privacidad#idinfo2.5.\" target=\"_blank\" rel=\"noopener\">+Info<\/a> <br>\n<strong>Informaci\u00f3n adicional:<\/strong> Nuestro compromiso en materia de privacidad es real y consistente. Por ello, si quieres conocer el mismo y acceder a informaci\u00f3n adicional en esta materia, te invitamos a acceder completamente a nuestra Pol\u00edtica de Privacidad y Protecci\u00f3n de Datos <a style=\"color: #c3ab55;\" href=\"https:\/\/www.suavinex.com\/politica-de-privacidad\" target=\"_blank\" rel=\"noopener\">+Info<\/a>\n         <\/div> \n       <\/div>\n       \n\n\n     <\/div>\n               \n              \n           \n           \n           \n           <script type=\"text\/javascript\">\n           function setName() {\n               document.getElementById(\"prerss_field_name\").value = \n                   document.getElementById(\"firstName\").value+ \" \" + document.getElementById(\"lastName\").value;\n               \n               \n           }\n           <\/script>\n       <\/form>\n       <div id=\"footer\">\n       \n<\/div><script type=\"text\/javascript\" src=\"\/\/ajax.googleapis.com\/ajax\/libs\/jquery\/1.8.3\/jquery.min.js\"><\/script>\n<script type=\"text\/javascript\" src=\"\/\/mc.s10.exacttarget.com\/cloudpages\/utilities\/t.js\"><\/script>\n<script type=\"text\/javascript\">var ctx=new Fuel.TrackingContext(100006952,100006952);var t=new Fuel.Tracking(ctx,{siteid:'142439',pageid:'624',isMobile:'false'});t.wrapLinks(null,'CLOUDPAGESCLICK');t.addRawEvent('CLOUDPAGESVISIT',{pageid:'624'});t.send();<\/script>\n<script type=\"text\/javascript\">window.contentDetail={\"isSite\":true,\"mid\":100006952,\"eid\":100006952,\"pageID\":624,\"siteID\":142439,\"isMobile\":false};<\/script>\n<\/div>\n<\/div>\n<\/div><\/div>\n\n\n\n<div class=\"wp-block-group content full\"><div class=\"wp-block-group__inner-container is-layout-constrained wp-block-group-is-layout-constrained\"><\/div><\/div>\n","protected":false},"excerpt":{"rendered":"\u00a1Pss, pss! D\u00e9janos tus datos Ser\u00e1s el\/la primero\/a en conocer todas las novedades y los nuevos lanzamientos de Suavinex. Confirmo que he le\u00eddo, acepto la pol\u00edtica de privacidad y deseo recibir comunicaciones comerciales Informaci\u00f3n b\u00e1sica sobre Protecci\u00f3n de Datos Responsable: SUAVINEX GROUP S.L. Finalidad: Mediante tu aceptaci\u00f3n de la casilla&#8230; <a class=\"view-article\" href=\"https:\/\/www.suavinex.com\/livingsuavinex\/registro-crm\/\">Ver art\u00edculo<\/a>","protected":false},"author":295,"featured_media":0,"parent":0,"menu_order":0,"comment_status":"closed","ping_status":"closed","template":"","meta":{"inline_featured_image":false,"footnotes":""},"class_list":["post-34252","page","type-page","status-publish","hentry"],"yoast_head":"<!-- This site is optimized with the Yoast SEO plugin v26.8 - https:\/\/yoast.com\/product\/yoast-seo-wordpress\/ -->\n<title>Registro CRM | Living Suavinex<\/title>\n<meta name=\"robots\" content=\"noindex, nofollow\" \/>\n<meta property=\"og:locale\" content=\"es_ES\" \/>\n<meta property=\"og:type\" content=\"article\" \/>\n<meta property=\"og:title\" content=\"Registro CRM | Living Suavinex\" \/>\n<meta property=\"og:description\" content=\"\u00a1Pss, pss! D\u00e9janos tus datos Ser\u00e1s el\/la primero\/a en conocer todas las novedades y los nuevos lanzamientos de Suavinex. Confirmo que he le\u00eddo, acepto la pol\u00edtica de privacidad y deseo recibir comunicaciones comerciales Informaci\u00f3n b\u00e1sica sobre Protecci\u00f3n de Datos Responsable: SUAVINEX GROUP S.L. Finalidad: Mediante tu aceptaci\u00f3n de la casilla... Ver art\u00edculo\" \/>\n<meta property=\"og:url\" content=\"https:\/\/www.suavinex.com\/livingsuavinex\/registro-crm\/\" \/>\n<meta property=\"og:site_name\" content=\"Living Suavinex\" \/>\n<meta property=\"article:publisher\" content=\"https:\/\/www.facebook.com\/SuavinexSpain\" \/>\n<meta property=\"article:modified_time\" content=\"2024-04-10T15:13:10+00:00\" \/>\n<meta name=\"twitter:card\" content=\"summary_large_image\" \/>\n<meta name=\"twitter:site\" content=\"@SuavinexSpain\" \/>\n<meta name=\"twitter:label1\" content=\"Tiempo de lectura\" \/>\n\t<meta name=\"twitter:data1\" content=\"1 minuto\" \/>\n<script type=\"application\/ld+json\" class=\"yoast-schema-graph\">{\"@context\":\"https:\/\/schema.org\",\"@graph\":[{\"@type\":\"WebPage\",\"@id\":\"https:\/\/www.suavinex.com\/livingsuavinex\/registro-crm\/\",\"url\":\"https:\/\/www.suavinex.com\/livingsuavinex\/registro-crm\/\",\"name\":\"Registro CRM | Living Suavinex\",\"isPartOf\":{\"@id\":\"https:\/\/www.suavinex.com\/livingsuavinex\/#website\"},\"datePublished\":\"2018-12-20T14:00:38+00:00\",\"dateModified\":\"2024-04-10T15:13:10+00:00\",\"breadcrumb\":{\"@id\":\"https:\/\/www.suavinex.com\/livingsuavinex\/registro-crm\/#breadcrumb\"},\"inLanguage\":\"es\",\"potentialAction\":[{\"@type\":\"ReadAction\",\"target\":[\"https:\/\/www.suavinex.com\/livingsuavinex\/registro-crm\/\"]}]},{\"@type\":\"BreadcrumbList\",\"@id\":\"https:\/\/www.suavinex.com\/livingsuavinex\/registro-crm\/#breadcrumb\",\"itemListElement\":[{\"@type\":\"ListItem\",\"position\":1,\"name\":\"Portada\",\"item\":\"https:\/\/www.suavinex.com\/livingsuavinex\/\"},{\"@type\":\"ListItem\",\"position\":2,\"name\":\"Registro CRM\"}]},{\"@type\":\"WebSite\",\"@id\":\"https:\/\/www.suavinex.com\/livingsuavinex\/#website\",\"url\":\"https:\/\/www.suavinex.com\/livingsuavinex\/\",\"name\":\"Living Suavinex\",\"description\":\"| Familias reales\",\"publisher\":{\"@id\":\"https:\/\/www.suavinex.com\/livingsuavinex\/#organization\"},\"potentialAction\":[{\"@type\":\"SearchAction\",\"target\":{\"@type\":\"EntryPoint\",\"urlTemplate\":\"https:\/\/www.suavinex.com\/livingsuavinex\/?s={search_term_string}\"},\"query-input\":{\"@type\":\"PropertyValueSpecification\",\"valueRequired\":true,\"valueName\":\"search_term_string\"}}],\"inLanguage\":\"es\"},{\"@type\":\"Organization\",\"@id\":\"https:\/\/www.suavinex.com\/livingsuavinex\/#organization\",\"name\":\"Suavinex\",\"url\":\"https:\/\/www.suavinex.com\/livingsuavinex\/\",\"logo\":{\"@type\":\"ImageObject\",\"inLanguage\":\"es\",\"@id\":\"https:\/\/www.suavinex.com\/livingsuavinex\/#\/schema\/logo\/image\/\",\"url\":\"https:\/\/www.suavinex.com\/livingsuavinex\/wp-content\/uploads\/2018\/07\/living_sx_logo_mvl.png\",\"contentUrl\":\"https:\/\/www.suavinex.com\/livingsuavinex\/wp-content\/uploads\/2018\/07\/living_sx_logo_mvl.png\",\"width\":350,\"height\":70,\"caption\":\"Suavinex\"},\"image\":{\"@id\":\"https:\/\/www.suavinex.com\/livingsuavinex\/#\/schema\/logo\/image\/\"},\"sameAs\":[\"https:\/\/www.facebook.com\/SuavinexSpain\",\"https:\/\/x.com\/SuavinexSpain\",\"https:\/\/www.instagram.com\/suavinex_spain\/\",\"https:\/\/www.pinterest.es\/SuavinexSpain\/\",\"https:\/\/www.youtube.com\/channel\/UCgeJREx2R_ZvV2aQMrfWgcA\"]}]}<\/script>\n<!-- \/ Yoast SEO plugin. -->","yoast_head_json":{"title":"Registro CRM | Living Suavinex","robots":{"index":"noindex","follow":"nofollow"},"og_locale":"es_ES","og_type":"article","og_title":"Registro CRM | Living Suavinex","og_description":"\u00a1Pss, pss! D\u00e9janos tus datos Ser\u00e1s el\/la primero\/a en conocer todas las novedades y los nuevos lanzamientos de Suavinex. Confirmo que he le\u00eddo, acepto la pol\u00edtica de privacidad y deseo recibir comunicaciones comerciales Informaci\u00f3n b\u00e1sica sobre Protecci\u00f3n de Datos Responsable: SUAVINEX GROUP S.L. Finalidad: Mediante tu aceptaci\u00f3n de la casilla... Ver art\u00edculo","og_url":"https:\/\/www.suavinex.com\/livingsuavinex\/registro-crm\/","og_site_name":"Living Suavinex","article_publisher":"https:\/\/www.facebook.com\/SuavinexSpain","article_modified_time":"2024-04-10T15:13:10+00:00","twitter_card":"summary_large_image","twitter_site":"@SuavinexSpain","twitter_misc":{"Tiempo de lectura":"1 minuto"},"schema":{"@context":"https:\/\/schema.org","@graph":[{"@type":"WebPage","@id":"https:\/\/www.suavinex.com\/livingsuavinex\/registro-crm\/","url":"https:\/\/www.suavinex.com\/livingsuavinex\/registro-crm\/","name":"Registro CRM | Living Suavinex","isPartOf":{"@id":"https:\/\/www.suavinex.com\/livingsuavinex\/#website"},"datePublished":"2018-12-20T14:00:38+00:00","dateModified":"2024-04-10T15:13:10+00:00","breadcrumb":{"@id":"https:\/\/www.suavinex.com\/livingsuavinex\/registro-crm\/#breadcrumb"},"inLanguage":"es","potentialAction":[{"@type":"ReadAction","target":["https:\/\/www.suavinex.com\/livingsuavinex\/registro-crm\/"]}]},{"@type":"BreadcrumbList","@id":"https:\/\/www.suavinex.com\/livingsuavinex\/registro-crm\/#breadcrumb","itemListElement":[{"@type":"ListItem","position":1,"name":"Portada","item":"https:\/\/www.suavinex.com\/livingsuavinex\/"},{"@type":"ListItem","position":2,"name":"Registro CRM"}]},{"@type":"WebSite","@id":"https:\/\/www.suavinex.com\/livingsuavinex\/#website","url":"https:\/\/www.suavinex.com\/livingsuavinex\/","name":"Living Suavinex","description":"| Familias reales","publisher":{"@id":"https:\/\/www.suavinex.com\/livingsuavinex\/#organization"},"potentialAction":[{"@type":"SearchAction","target":{"@type":"EntryPoint","urlTemplate":"https:\/\/www.suavinex.com\/livingsuavinex\/?s={search_term_string}"},"query-input":{"@type":"PropertyValueSpecification","valueRequired":true,"valueName":"search_term_string"}}],"inLanguage":"es"},{"@type":"Organization","@id":"https:\/\/www.suavinex.com\/livingsuavinex\/#organization","name":"Suavinex","url":"https:\/\/www.suavinex.com\/livingsuavinex\/","logo":{"@type":"ImageObject","inLanguage":"es","@id":"https:\/\/www.suavinex.com\/livingsuavinex\/#\/schema\/logo\/image\/","url":"https:\/\/www.suavinex.com\/livingsuavinex\/wp-content\/uploads\/2018\/07\/living_sx_logo_mvl.png","contentUrl":"https:\/\/www.suavinex.com\/livingsuavinex\/wp-content\/uploads\/2018\/07\/living_sx_logo_mvl.png","width":350,"height":70,"caption":"Suavinex"},"image":{"@id":"https:\/\/www.suavinex.com\/livingsuavinex\/#\/schema\/logo\/image\/"},"sameAs":["https:\/\/www.facebook.com\/SuavinexSpain","https:\/\/x.com\/SuavinexSpain","https:\/\/www.instagram.com\/suavinex_spain\/","https:\/\/www.pinterest.es\/SuavinexSpain\/","https:\/\/www.youtube.com\/channel\/UCgeJREx2R_ZvV2aQMrfWgcA"]}]}},"_links":{"self":[{"href":"https:\/\/www.suavinex.com\/livingsuavinex\/wp-json\/wp\/v2\/pages\/34252","targetHints":{"allow":["GET"]}}],"collection":[{"href":"https:\/\/www.suavinex.com\/livingsuavinex\/wp-json\/wp\/v2\/pages"}],"about":[{"href":"https:\/\/www.suavinex.com\/livingsuavinex\/wp-json\/wp\/v2\/types\/page"}],"author":[{"embeddable":true,"href":"https:\/\/www.suavinex.com\/livingsuavinex\/wp-json\/wp\/v2\/users\/295"}],"replies":[{"embeddable":true,"href":"https:\/\/www.suavinex.com\/livingsuavinex\/wp-json\/wp\/v2\/comments?post=34252"}],"version-history":[{"count":13,"href":"https:\/\/www.suavinex.com\/livingsuavinex\/wp-json\/wp\/v2\/pages\/34252\/revisions"}],"predecessor-version":[{"id":45608,"href":"https:\/\/www.suavinex.com\/livingsuavinex\/wp-json\/wp\/v2\/pages\/34252\/revisions\/45608"}],"wp:attachment":[{"href":"https:\/\/www.suavinex.com\/livingsuavinex\/wp-json\/wp\/v2\/media?parent=34252"}],"curies":[{"name":"wp","href":"https:\/\/api.w.org\/{rel}","templated":true}]}}